{"id":1640,"date":"2022-10-15T11:39:20","date_gmt":"2022-10-15T09:39:20","guid":{"rendered":"https:\/\/www.skiguide-arlberg.at\/?page_id=1640"},"modified":"2024-11-16T16:59:38","modified_gmt":"2024-11-16T15:59:38","slug":"safety-training","status":"publish","type":"page","link":"https:\/\/www.skiguide-arlberg.at\/en\/safety-training\/","title":{"rendered":"Safety Training"},"content":{"rendered":"<div data-elementor-type=\"wp-page\" data-elementor-id=\"1640\" class=\"elementor elementor-1640\" data-elementor-post-type=\"page\">\n\t\t\t\t\t\t<section class=\"elementor-section elementor-top-section elementor-element elementor-element-ebf4e27 elementor-section-full_width elementor-section-height-min-height elementor-section-height-default elementor-section-items-middle\" data-id=\"ebf4e27\" data-element_type=\"section\" data-settings=\"{&quot;background_background&quot;:&quot;slideshow&quot;,&quot;background_slideshow_gallery&quot;:[{&quot;id&quot;:3778,&quot;url&quot;:&quot;https:\\\/\\\/www.skiguide-arlberg.at\\\/wp-content\\\/uploads\\\/2022\\\/11\\\/IMG_20200223_143624_650nn.jpg&quot;},{&quot;id&quot;:3800,&quot;url&quot;:&quot;https:\\\/\\\/www.skiguide-arlberg.at\\\/wp-content\\\/uploads\\\/2022\\\/11\\\/277810936_5101619289915962_7485846249952766800_nnnnnnn.jpg&quot;}],&quot;background_slideshow_transition_duration&quot;:5000,&quot;background_slideshow_loop&quot;:&quot;yes&quot;,&quot;background_slideshow_slide_duration&quot;:5000,&quot;background_slideshow_slide_transition&quot;:&quot;fade&quot;}\">\n\t\t\t\t\t\t<div class=\"elementor-container elementor-column-gap-default\">\n\t\t\t\t\t<div class=\"elementor-column elementor-col-100 elementor-top-column elementor-element elementor-element-e3765c3\" data-id=\"e3765c3\" data-element_type=\"column\">\n\t\t\t<div class=\"elementor-widget-wrap elementor-element-populated\">\n\t\t\t\t\t\t<div class=\"elementor-element elementor-element-c236314 animated-slow elementor-absolute elementor-invisible elementor-widget elementor-widget-heading\" data-id=\"c236314\" data-element_type=\"widget\" data-settings=\"{&quot;_animation&quot;:&quot;zoomIn&quot;,&quot;_position&quot;:&quot;absolute&quot;}\" data-widget_type=\"heading.default\">\n\t\t\t\t<div class=\"elementor-widget-container\">\n\t\t\t\t\t<h2 class=\"elementor-heading-title elementor-size-default\">SAFETY TRAINING. <\/h2>\t\t\t\t<\/div>\n\t\t\t\t<\/div>\n\t\t\t\t\t<\/div>\n\t\t<\/div>\n\t\t\t\t\t<\/div>\n\t\t<\/section>\n\t\t\t\t<section class=\"elementor-section elementor-top-section elementor-element elementor-element-9409503 elementor-section-boxed elementor-section-height-default elementor-section-height-default\" data-id=\"9409503\" data-element_type=\"section\">\n\t\t\t\t\t\t<div class=\"elementor-container elementor-column-gap-default\">\n\t\t\t\t\t<div class=\"elementor-column elementor-col-100 elementor-top-column elementor-element elementor-element-960eb8e\" data-id=\"960eb8e\" data-element_type=\"column\">\n\t\t\t<div class=\"elementor-widget-wrap elementor-element-populated\">\n\t\t\t\t\t\t<div class=\"elementor-element elementor-element-f29680d elementor-widget elementor-widget-spacer\" data-id=\"f29680d\" data-element_type=\"widget\" data-widget_type=\"spacer.default\">\n\t\t\t\t<div class=\"elementor-widget-container\">\n\t\t\t\t\t\t\t<div class=\"elementor-spacer\">\n\t\t\t<div class=\"elementor-spacer-inner\"><\/div>\n\t\t<\/div>\n\t\t\t\t\t\t<\/div>\n\t\t\t\t<\/div>\n\t\t\t\t\t<\/div>\n\t\t<\/div>\n\t\t\t\t\t<\/div>\n\t\t<\/section>\n\t\t\t\t<section class=\"elementor-section elementor-top-section elementor-element elementor-element-32df83b elementor-section-boxed elementor-section-height-default elementor-section-height-default\" data-id=\"32df83b\" data-element_type=\"section\">\n\t\t\t\t\t\t<div class=\"elementor-container elementor-column-gap-default\">\n\t\t\t\t\t<div class=\"elementor-column elementor-col-100 elementor-top-column elementor-element elementor-element-ed51a0b\" data-id=\"ed51a0b\" data-element_type=\"column\">\n\t\t\t<div class=\"elementor-widget-wrap elementor-element-populated\">\n\t\t\t\t\t\t<div class=\"elementor-element elementor-element-c29d4f5 elementor-widget elementor-widget-heading\" data-id=\"c29d4f5\" data-element_type=\"widget\" data-widget_type=\"heading.default\">\n\t\t\t\t<div class=\"elementor-widget-container\">\n\t\t\t\t\t<h1 class=\"elementor-heading-title elementor-size-default\">\"Safety on the mountain is the basic prerequisite<br>for successful adventures.\u201d<\/h1>\t\t\t\t<\/div>\n\t\t\t\t<\/div>\n\t\t\t\t\t<\/div>\n\t\t<\/div>\n\t\t\t\t\t<\/div>\n\t\t<\/section>\n\t\t\t\t<section class=\"elementor-section elementor-top-section elementor-element elementor-element-3d9c91f elementor-section-content-middle elementor-reverse-mobile elementor-section-boxed elementor-section-height-default elementor-section-height-default\" data-id=\"3d9c91f\" data-element_type=\"section\" data-settings=\"{&quot;background_background&quot;:&quot;classic&quot;}\">\n\t\t\t\t\t\t<div class=\"elementor-container elementor-column-gap-no\">\n\t\t\t\t\t<div class=\"elementor-column elementor-col-50 elementor-top-column elementor-element elementor-element-4463dfa\" data-id=\"4463dfa\" data-element_type=\"column\">\n\t\t\t<div class=\"elementor-widget-wrap elementor-element-populated\">\n\t\t\t\t\t\t<div class=\"elementor-element elementor-element-0f55b2b elementor-widget elementor-widget-image\" data-id=\"0f55b2b\" data-element_type=\"widget\" data-widget_type=\"image.default\">\n\t\t\t\t<div class=\"elementor-widget-container\">\n\t\t\t\t\t\t\t\t\t\t\t\t\t\t\t<img fetchpriority=\"high\" decoding=\"async\" width=\"819\" height=\"1024\" src=\"https:\/\/www.skiguide-arlberg.at\/wp-content\/uploads\/2022\/11\/277813211_5101619439915947_1808565878358635115_n-819x1024.jpg\" class=\"attachment-large size-large wp-image-3787\" alt=\"Skiguide Arlberg - Guiding \u2013 Savety Training Freeriden Skitouren - Lech\/Z\u00fcrs, Stuben, Warth\/Schr\u00f6cken, St.Anton\" srcset=\"https:\/\/www.skiguide-arlberg.at\/wp-content\/uploads\/2022\/11\/277813211_5101619439915947_1808565878358635115_n-819x1024.jpg 819w, https:\/\/www.skiguide-arlberg.at\/wp-content\/uploads\/2022\/11\/277813211_5101619439915947_1808565878358635115_n-240x300.jpg 240w, https:\/\/www.skiguide-arlberg.at\/wp-content\/uploads\/2022\/11\/277813211_5101619439915947_1808565878358635115_n-768x960.jpg 768w, https:\/\/www.skiguide-arlberg.at\/wp-content\/uploads\/2022\/11\/277813211_5101619439915947_1808565878358635115_n-1229x1536.jpg 1229w, https:\/\/www.skiguide-arlberg.at\/wp-content\/uploads\/2022\/11\/277813211_5101619439915947_1808565878358635115_n-10x12.jpg 10w, https:\/\/www.skiguide-arlberg.at\/wp-content\/uploads\/2022\/11\/277813211_5101619439915947_1808565878358635115_n.jpg 1440w\" sizes=\"(max-width: 819px) 100vw, 819px\" \/>\t\t\t\t\t\t\t\t\t\t\t\t\t\t\t<\/div>\n\t\t\t\t<\/div>\n\t\t\t\t\t<\/div>\n\t\t<\/div>\n\t\t\t\t<div class=\"elementor-column elementor-col-50 elementor-top-column elementor-element elementor-element-d1d2680\" data-id=\"d1d2680\" data-element_type=\"column\" data-settings=\"{&quot;background_background&quot;:&quot;classic&quot;}\">\n\t\t\t<div class=\"elementor-widget-wrap elementor-element-populated\">\n\t\t\t\t\t\t<div class=\"elementor-element elementor-element-3b5fc5b elementor-widget elementor-widget-heading\" data-id=\"3b5fc5b\" data-element_type=\"widget\" data-widget_type=\"heading.default\">\n\t\t\t\t<div class=\"elementor-widget-container\">\n\t\t\t\t\t<h2 class=\"elementor-heading-title elementor-size-default\">Emergency equipment for safety on the mountain<\/h2>\t\t\t\t<\/div>\n\t\t\t\t<\/div>\n\t\t\t\t<div class=\"elementor-element elementor-element-1795e88 elementor-widget elementor-widget-text-editor\" data-id=\"1795e88\" data-element_type=\"widget\" data-widget_type=\"text-editor.default\">\n\t\t\t\t<div class=\"elementor-widget-container\">\n\t\t\t\t\t\t\t\t\t<p>Of course, great off-piste days also include having emergency equipment and knowing how to use it. If you go freeriding, heliskiing or ski touring every year, such safety training should be refreshed and practiced again and again. Only those who practise regularly will be prepared for emergency situations.<\/p>\t\t\t\t\t\t\t\t<\/div>\n\t\t\t\t<\/div>\n\t\t\t\t\t<\/div>\n\t\t<\/div>\n\t\t\t\t\t<\/div>\n\t\t<\/section>\n\t\t\t\t<section class=\"elementor-section elementor-top-section elementor-element elementor-element-faed248 elementor-section-content-middle elementor-section-boxed elementor-section-height-default elementor-section-height-default\" data-id=\"faed248\" data-element_type=\"section\" data-settings=\"{&quot;background_background&quot;:&quot;classic&quot;}\">\n\t\t\t\t\t\t<div class=\"elementor-container elementor-column-gap-no\">\n\t\t\t\t\t<div class=\"elementor-column elementor-col-50 elementor-top-column elementor-element elementor-element-47acbc1\" data-id=\"47acbc1\" data-element_type=\"column\" data-settings=\"{&quot;background_background&quot;:&quot;classic&quot;}\">\n\t\t\t<div class=\"elementor-widget-wrap elementor-element-populated\">\n\t\t\t\t\t\t<div class=\"elementor-element elementor-element-176b62c elementor-widget elementor-widget-heading\" data-id=\"176b62c\" data-element_type=\"widget\" data-widget_type=\"heading.default\">\n\t\t\t\t<div class=\"elementor-widget-container\">\n\t\t\t\t\t<h2 class=\"elementor-heading-title elementor-size-default\">Risk reduction<br>in the offpiste zone<\/h2>\t\t\t\t<\/div>\n\t\t\t\t<\/div>\n\t\t\t\t<div class=\"elementor-element elementor-element-bd4cb59 elementor-widget elementor-widget-text-editor\" data-id=\"bd4cb59\" data-element_type=\"widget\" data-widget_type=\"text-editor.default\">\n\t\t\t\t<div class=\"elementor-widget-container\">\n\t\t\t\t\t\t\t\t\t<p>Not only the use of avalanche transceivers, probes, shovels, ABS backpacks etc. is part of the safety training, but also: How is a snowpack structured? What influences this and what tests can be used to help reduce risk in off-piste terrain? <br \/>Safety on the mountain is the basic prerequisite for successful adventures - that's why <strong>Safety Training!<\/strong><\/p>\t\t\t\t\t\t\t\t<\/div>\n\t\t\t\t<\/div>\n\t\t\t\t\t<\/div>\n\t\t<\/div>\n\t\t\t\t<div class=\"elementor-column elementor-col-50 elementor-top-column elementor-element elementor-element-bd48d00\" data-id=\"bd48d00\" data-element_type=\"column\">\n\t\t\t<div class=\"elementor-widget-wrap elementor-element-populated\">\n\t\t\t\t\t\t<div class=\"elementor-element elementor-element-b444b7e elementor-widget elementor-widget-image\" data-id=\"b444b7e\" data-element_type=\"widget\" data-widget_type=\"image.default\">\n\t\t\t\t<div class=\"elementor-widget-container\">\n\t\t\t\t\t\t\t\t\t\t\t\t\t\t\t<img decoding=\"async\" width=\"819\" height=\"1024\" src=\"https:\/\/www.skiguide-arlberg.at\/wp-content\/uploads\/2022\/11\/278006077_5101619073249317_7117536284924928060_n-819x1024.jpg\" class=\"attachment-large size-large wp-image-6406\" alt=\"Skiguide Arlberg - Guiding \u2013 Savety Training Freeriden Skitouren - Lech\/Z\u00fcrs, Stuben, Warth\/Schr\u00f6cken, St.Anton\" srcset=\"https:\/\/www.skiguide-arlberg.at\/wp-content\/uploads\/2022\/11\/278006077_5101619073249317_7117536284924928060_n-819x1024.jpg 819w, https:\/\/www.skiguide-arlberg.at\/wp-content\/uploads\/2022\/11\/278006077_5101619073249317_7117536284924928060_n-240x300.jpg 240w, https:\/\/www.skiguide-arlberg.at\/wp-content\/uploads\/2022\/11\/278006077_5101619073249317_7117536284924928060_n-768x960.jpg 768w, https:\/\/www.skiguide-arlberg.at\/wp-content\/uploads\/2022\/11\/278006077_5101619073249317_7117536284924928060_n-1229x1536.jpg 1229w, https:\/\/www.skiguide-arlberg.at\/wp-content\/uploads\/2022\/11\/278006077_5101619073249317_7117536284924928060_n-10x12.jpg 10w, https:\/\/www.skiguide-arlberg.at\/wp-content\/uploads\/2022\/11\/278006077_5101619073249317_7117536284924928060_n.jpg 1440w\" sizes=\"(max-width: 819px) 100vw, 819px\" \/>\t\t\t\t\t\t\t\t\t\t\t\t\t\t\t<\/div>\n\t\t\t\t<\/div>\n\t\t\t\t\t<\/div>\n\t\t<\/div>\n\t\t\t\t\t<\/div>\n\t\t<\/section>\n\t\t\t\t<section class=\"elementor-section elementor-top-section elementor-element elementor-element-6d69d28 elementor-section-content-middle elementor-reverse-tablet elementor-reverse-mobile elementor-section-boxed elementor-section-height-default elementor-section-height-default\" data-id=\"6d69d28\" data-element_type=\"section\" data-settings=\"{&quot;background_background&quot;:&quot;classic&quot;}\">\n\t\t\t\t\t\t<div class=\"elementor-container elementor-column-gap-no\">\n\t\t\t\t\t<div class=\"elementor-column elementor-col-100 elementor-top-column elementor-element elementor-element-41e0f94\" data-id=\"41e0f94\" data-element_type=\"column\">\n\t\t\t<div class=\"elementor-widget-wrap elementor-element-populated\">\n\t\t\t\t\t\t<div class=\"elementor-element elementor-element-1622257 elementor-widget elementor-widget-heading\" data-id=\"1622257\" data-element_type=\"widget\" data-widget_type=\"heading.default\">\n\t\t\t\t<div class=\"elementor-widget-container\">\n\t\t\t\t\t<h3 class=\"elementor-heading-title elementor-size-default\">Safety Training<\/h3>\t\t\t\t<\/div>\n\t\t\t\t<\/div>\n\t\t\t\t<div class=\"elementor-element elementor-element-9cf5dc7 elementor-mobile-align-center elementor-align-center elementor-widget elementor-widget-button\" data-id=\"9cf5dc7\" data-element_type=\"widget\" data-widget_type=\"button.default\">\n\t\t\t\t<div class=\"elementor-widget-container\">\n\t\t\t\t\t\t\t\t\t<div class=\"elementor-button-wrapper\">\n\t\t\t\t\t<a class=\"elementor-button elementor-button-link elementor-size-sm\" href=\"https:\/\/www.skiguide-arlberg.at\/en\/anfrage-kontakt\/\" target=\"_blank\">\n\t\t\t\t\t\t<span class=\"elementor-button-content-wrapper\">\n\t\t\t\t\t\t\t\t\t<span class=\"elementor-button-text\">INQUIRE NOW<\/span>\n\t\t\t\t\t<\/span>\n\t\t\t\t\t<\/a>\n\t\t\t\t<\/div>\n\t\t\t\t\t\t\t\t<\/div>\n\t\t\t\t<\/div>\n\t\t\t\t\t<\/div>\n\t\t<\/div>\n\t\t\t\t\t<\/div>\n\t\t<\/section>\n\t\t\t\t<\/div>","protected":false},"excerpt":{"rendered":"<p>SAFETY TRAINING. &#8222;Sicherheit am Berg ist die Grundvoraussetzungf\u00fcr gelungene Abenteuer.&#8220; Notfallausr\u00fcstung f\u00fcr die Sicherheit am Berg Zu tollen Offpistetagen geh\u00f6rt nat\u00fcrlich auch eine Notfallausr\u00fcstung und auch das Wissen wie man diese benutzt. Solche Safety Trainings sollten wenn man jedes Jahr Freeriden, Heliskiing oder Skitouren geht immer wieder aufgefrischt und ge\u00fcbt werden. Nur wer regelm\u00e4\u00dfig praxisnah [&hellip;]<\/p>","protected":false},"author":2,"featured_media":0,"parent":0,"menu_order":0,"comment_status":"closed","ping_status":"closed","template":"","meta":{"site-sidebar-layout":"no-sidebar","site-content-layout":"page-builder","ast-site-content-layout":"full-width-container","site-content-style":"unboxed","site-sidebar-style":"unboxed","ast-global-header-display":"","ast-banner-title-visibility":"","ast-main-header-display":"","ast-hfb-above-header-display":"","ast-hfb-below-header-display":"","ast-hfb-mobile-header-display":"","site-post-title":"disabled","ast-breadcrumbs-content":"","ast-featured-img":"disabled","footer-sml-layout":"","theme-transparent-header-meta":"","adv-header-id-meta":"","stick-header-meta":"","header-above-stick-meta":"","header-main-stick-meta":"","header-below-stick-meta":"","astra-migrate-meta-layouts":"set","ast-page-background-enabled":"default","ast-page-background-meta":{"desktop":{"background-color":"","background-image":"","background-repeat":"repeat","background-position":"center center","background-size":"auto","background-attachment":"scroll","background-type":"","background-media":"","overlay-type":"","overlay-color":"","overlay-opacity":"","overlay-gradient":""},"tablet":{"background-color":"","background-image":"","background-repeat":"repeat","background-position":"center center","background-size":"auto","background-attachment":"scroll","background-type":"","background-media":"","overlay-type":"","overlay-color":"","overlay-opacity":"","overlay-gradient":""},"mobile":{"background-color":"","background-image":"","background-repeat":"repeat","background-position":"center center","background-size":"auto","background-attachment":"scroll","background-type":"","background-media":"","overlay-type":"","overlay-color":"","overlay-opacity":"","overlay-gradient":""}},"ast-content-background-meta":{"desktop":{"background-color":"var(--ast-global-color-5)","background-image":"","background-repeat":"repeat","background-position":"center center","background-size":"auto","background-attachment":"scroll","background-type":"","background-media":"","overlay-type":"","overlay-color":"","overlay-opacity":"","overlay-gradient":""},"tablet":{"background-color":"var(--ast-global-color-5)","background-image":"","background-repeat":"repeat","background-position":"center center","background-size":"auto","background-attachment":"scroll","background-type":"","background-media":"","overlay-type":"","overlay-color":"","overlay-opacity":"","overlay-gradient":""},"mobile":{"background-color":"var(--ast-global-color-5)","background-image":"","background-repeat":"repeat","background-position":"center center","background-size":"auto","background-attachment":"scroll","background-type":"","background-media":"","overlay-type":"","overlay-color":"","overlay-opacity":"","overlay-gradient":""}},"footnotes":""},"class_list":["post-1640","page","type-page","status-publish","hentry"],"yoast_head":"<!-- This site is optimized with the Yoast SEO plugin v23.9 - https:\/\/yoast.com\/wordpress\/plugins\/seo\/ -->\n<title>Safety Training - Sicherheit am Berg<\/title>\n<meta name=\"description\" content=\"Safety Training - Sicherheit am Berg ist die Grundvoraussetzung f\u00fcr gelungene Abenteuer. Nur wer regelm\u00e4\u00dfig trainiert, ist f\u00fcr Notsituationen vorbereitet.\" \/>\n<meta name=\"robots\" content=\"index, follow, max-snippet:-1, max-image-preview:large, max-video-preview:-1\" \/>\n<link rel=\"canonical\" href=\"https:\/\/www.skiguide-arlberg.at\/en\/safety-training\/\" \/>\n<meta property=\"og:locale\" content=\"en_GB\" \/>\n<meta property=\"og:type\" content=\"article\" \/>\n<meta property=\"og:title\" content=\"Safety Training - Sicherheit am Berg\" \/>\n<meta property=\"og:description\" content=\"Safety Training - Sicherheit am Berg ist die Grundvoraussetzung f\u00fcr gelungene Abenteuer. Nur wer regelm\u00e4\u00dfig trainiert, ist f\u00fcr Notsituationen vorbereitet.\" \/>\n<meta property=\"og:url\" content=\"https:\/\/www.skiguide-arlberg.at\/en\/safety-training\/\" \/>\n<meta property=\"og:site_name\" content=\"skiguide-arlberg\" \/>\n<meta property=\"article:publisher\" content=\"https:\/\/www.facebook.com\/skiguidearlberg\" \/>\n<meta property=\"article:modified_time\" content=\"2024-11-16T15:59:38+00:00\" \/>\n<meta property=\"og:image\" content=\"https:\/\/www.skiguide-arlberg.at\/wp-content\/uploads\/2022\/11\/277813211_5101619439915947_1808565878358635115_n-819x1024.jpg\" \/>\n<meta name=\"twitter:card\" content=\"summary_large_image\" \/>\n<meta name=\"twitter:label1\" content=\"Estimated reading time\" \/>\n\t<meta name=\"twitter:data1\" content=\"2 minutes\" \/>\n<script type=\"application\/ld+json\" class=\"yoast-schema-graph\">{\"@context\":\"https:\/\/schema.org\",\"@graph\":[{\"@type\":\"WebPage\",\"@id\":\"https:\/\/www.skiguide-arlberg.at\/safety-training\/\",\"url\":\"https:\/\/www.skiguide-arlberg.at\/safety-training\/\",\"name\":\"Safety Training - Sicherheit am Berg\",\"isPartOf\":{\"@id\":\"https:\/\/www.skiguide-arlberg.at\/#website\"},\"primaryImageOfPage\":{\"@id\":\"https:\/\/www.skiguide-arlberg.at\/safety-training\/#primaryimage\"},\"image\":{\"@id\":\"https:\/\/www.skiguide-arlberg.at\/safety-training\/#primaryimage\"},\"thumbnailUrl\":\"https:\/\/www.skiguide-arlberg.at\/wp-content\/uploads\/2022\/11\/277813211_5101619439915947_1808565878358635115_n-819x1024.jpg\",\"datePublished\":\"2022-10-15T09:39:20+00:00\",\"dateModified\":\"2024-11-16T15:59:38+00:00\",\"description\":\"Safety Training - Sicherheit am Berg ist die Grundvoraussetzung f\u00fcr gelungene Abenteuer. Nur wer regelm\u00e4\u00dfig trainiert, ist f\u00fcr Notsituationen vorbereitet.\",\"breadcrumb\":{\"@id\":\"https:\/\/www.skiguide-arlberg.at\/safety-training\/#breadcrumb\"},\"inLanguage\":\"en-GB\",\"potentialAction\":[{\"@type\":\"ReadAction\",\"target\":[\"https:\/\/www.skiguide-arlberg.at\/safety-training\/\"]}]},{\"@type\":\"ImageObject\",\"inLanguage\":\"en-GB\",\"@id\":\"https:\/\/www.skiguide-arlberg.at\/safety-training\/#primaryimage\",\"url\":\"https:\/\/www.skiguide-arlberg.at\/wp-content\/uploads\/2022\/11\/277813211_5101619439915947_1808565878358635115_n-819x1024.jpg\",\"contentUrl\":\"https:\/\/www.skiguide-arlberg.at\/wp-content\/uploads\/2022\/11\/277813211_5101619439915947_1808565878358635115_n-819x1024.jpg\"},{\"@type\":\"BreadcrumbList\",\"@id\":\"https:\/\/www.skiguide-arlberg.at\/safety-training\/#breadcrumb\",\"itemListElement\":[{\"@type\":\"ListItem\",\"position\":1,\"name\":\"Startseite\",\"item\":\"https:\/\/www.skiguide-arlberg.at\/\"},{\"@type\":\"ListItem\",\"position\":2,\"name\":\"Safety Training\"}]},{\"@type\":\"WebSite\",\"@id\":\"https:\/\/www.skiguide-arlberg.at\/#website\",\"url\":\"https:\/\/www.skiguide-arlberg.at\/\",\"name\":\"skiguide-arlberg\",\"description\":\"Lech - Z\u00fcrs - St. Anton\",\"publisher\":{\"@id\":\"https:\/\/www.skiguide-arlberg.at\/#organization\"},\"potentialAction\":[{\"@type\":\"SearchAction\",\"target\":{\"@type\":\"EntryPoint\",\"urlTemplate\":\"https:\/\/www.skiguide-arlberg.at\/?s={search_term_string}\"},\"query-input\":{\"@type\":\"PropertyValueSpecification\",\"valueRequired\":true,\"valueName\":\"search_term_string\"}}],\"inLanguage\":\"en-GB\"},{\"@type\":\"Organization\",\"@id\":\"https:\/\/www.skiguide-arlberg.at\/#organization\",\"name\":\"skiguide-arlberg lech\",\"url\":\"https:\/\/www.skiguide-arlberg.at\/\",\"logo\":{\"@type\":\"ImageObject\",\"inLanguage\":\"en-GB\",\"@id\":\"https:\/\/www.skiguide-arlberg.at\/#\/schema\/logo\/image\/\",\"url\":\"https:\/\/www.skiguide-arlberg.at\/wp-content\/uploads\/2023\/04\/cropped-Logo_GUIDING-am-Arlberg_03.jpg\",\"contentUrl\":\"https:\/\/www.skiguide-arlberg.at\/wp-content\/uploads\/2023\/04\/cropped-Logo_GUIDING-am-Arlberg_03.jpg\",\"width\":1062,\"height\":221,\"caption\":\"skiguide-arlberg lech\"},\"image\":{\"@id\":\"https:\/\/www.skiguide-arlberg.at\/#\/schema\/logo\/image\/\"},\"sameAs\":[\"https:\/\/www.facebook.com\/skiguidearlberg\"]}]}<\/script>\n<!-- \/ Yoast SEO plugin. -->","yoast_head_json":{"title":"Safety Training - Sicherheit am Berg","description":"Safety Training - Sicherheit am Berg ist die Grundvoraussetzung f\u00fcr gelungene Abenteuer. Nur wer regelm\u00e4\u00dfig trainiert, ist f\u00fcr Notsituationen vorbereitet.","robots":{"index":"index","follow":"follow","max-snippet":"max-snippet:-1","max-image-preview":"max-image-preview:large","max-video-preview":"max-video-preview:-1"},"canonical":"https:\/\/www.skiguide-arlberg.at\/en\/safety-training\/","og_locale":"en_GB","og_type":"article","og_title":"Safety Training - Sicherheit am Berg","og_description":"Safety Training - Sicherheit am Berg ist die Grundvoraussetzung f\u00fcr gelungene Abenteuer. Nur wer regelm\u00e4\u00dfig trainiert, ist f\u00fcr Notsituationen vorbereitet.","og_url":"https:\/\/www.skiguide-arlberg.at\/en\/safety-training\/","og_site_name":"skiguide-arlberg","article_publisher":"https:\/\/www.facebook.com\/skiguidearlberg","article_modified_time":"2024-11-16T15:59:38+00:00","og_image":[{"url":"https:\/\/www.skiguide-arlberg.at\/wp-content\/uploads\/2022\/11\/277813211_5101619439915947_1808565878358635115_n-819x1024.jpg"}],"twitter_card":"summary_large_image","twitter_misc":{"Estimated reading time":"2 minutes"},"schema":{"@context":"https:\/\/schema.org","@graph":[{"@type":"WebPage","@id":"https:\/\/www.skiguide-arlberg.at\/safety-training\/","url":"https:\/\/www.skiguide-arlberg.at\/safety-training\/","name":"Safety Training - Sicherheit am Berg","isPartOf":{"@id":"https:\/\/www.skiguide-arlberg.at\/#website"},"primaryImageOfPage":{"@id":"https:\/\/www.skiguide-arlberg.at\/safety-training\/#primaryimage"},"image":{"@id":"https:\/\/www.skiguide-arlberg.at\/safety-training\/#primaryimage"},"thumbnailUrl":"https:\/\/www.skiguide-arlberg.at\/wp-content\/uploads\/2022\/11\/277813211_5101619439915947_1808565878358635115_n-819x1024.jpg","datePublished":"2022-10-15T09:39:20+00:00","dateModified":"2024-11-16T15:59:38+00:00","description":"Safety Training - Sicherheit am Berg ist die Grundvoraussetzung f\u00fcr gelungene Abenteuer. Nur wer regelm\u00e4\u00dfig trainiert, ist f\u00fcr Notsituationen vorbereitet.","breadcrumb":{"@id":"https:\/\/www.skiguide-arlberg.at\/safety-training\/#breadcrumb"},"inLanguage":"en-GB","potentialAction":[{"@type":"ReadAction","target":["https:\/\/www.skiguide-arlberg.at\/safety-training\/"]}]},{"@type":"ImageObject","inLanguage":"en-GB","@id":"https:\/\/www.skiguide-arlberg.at\/safety-training\/#primaryimage","url":"https:\/\/www.skiguide-arlberg.at\/wp-content\/uploads\/2022\/11\/277813211_5101619439915947_1808565878358635115_n-819x1024.jpg","contentUrl":"https:\/\/www.skiguide-arlberg.at\/wp-content\/uploads\/2022\/11\/277813211_5101619439915947_1808565878358635115_n-819x1024.jpg"},{"@type":"BreadcrumbList","@id":"https:\/\/www.skiguide-arlberg.at\/safety-training\/#breadcrumb","itemListElement":[{"@type":"ListItem","position":1,"name":"Startseite","item":"https:\/\/www.skiguide-arlberg.at\/"},{"@type":"ListItem","position":2,"name":"Safety Training"}]},{"@type":"WebSite","@id":"https:\/\/www.skiguide-arlberg.at\/#website","url":"https:\/\/www.skiguide-arlberg.at\/","name":"skiguide-arlberg","description":"Lech - Z\u00fcrs - St. Anton","publisher":{"@id":"https:\/\/www.skiguide-arlberg.at\/#organization"},"potentialAction":[{"@type":"SearchAction","target":{"@type":"EntryPoint","urlTemplate":"https:\/\/www.skiguide-arlberg.at\/?s={search_term_string}"},"query-input":{"@type":"PropertyValueSpecification","valueRequired":true,"valueName":"search_term_string"}}],"inLanguage":"en-GB"},{"@type":"Organization","@id":"https:\/\/www.skiguide-arlberg.at\/#organization","name":"skiguide-arlberg lech","url":"https:\/\/www.skiguide-arlberg.at\/","logo":{"@type":"ImageObject","inLanguage":"en-GB","@id":"https:\/\/www.skiguide-arlberg.at\/#\/schema\/logo\/image\/","url":"https:\/\/www.skiguide-arlberg.at\/wp-content\/uploads\/2023\/04\/cropped-Logo_GUIDING-am-Arlberg_03.jpg","contentUrl":"https:\/\/www.skiguide-arlberg.at\/wp-content\/uploads\/2023\/04\/cropped-Logo_GUIDING-am-Arlberg_03.jpg","width":1062,"height":221,"caption":"skiguide-arlberg lech"},"image":{"@id":"https:\/\/www.skiguide-arlberg.at\/#\/schema\/logo\/image\/"},"sameAs":["https:\/\/www.facebook.com\/skiguidearlberg"]}]}},"_links":{"self":[{"href":"https:\/\/www.skiguide-arlberg.at\/en\/wp-json\/wp\/v2\/pages\/1640","targetHints":{"allow":["GET"]}}],"collection":[{"href":"https:\/\/www.skiguide-arlberg.at\/en\/wp-json\/wp\/v2\/pages"}],"about":[{"href":"https:\/\/www.skiguide-arlberg.at\/en\/wp-json\/wp\/v2\/types\/page"}],"author":[{"embeddable":true,"href":"https:\/\/www.skiguide-arlberg.at\/en\/wp-json\/wp\/v2\/users\/2"}],"replies":[{"embeddable":true,"href":"https:\/\/www.skiguide-arlberg.at\/en\/wp-json\/wp\/v2\/comments?post=1640"}],"version-history":[{"count":185,"href":"https:\/\/www.skiguide-arlberg.at\/en\/wp-json\/wp\/v2\/pages\/1640\/revisions"}],"predecessor-version":[{"id":10195,"href":"https:\/\/www.skiguide-arlberg.at\/en\/wp-json\/wp\/v2\/pages\/1640\/revisions\/10195"}],"wp:attachment":[{"href":"https:\/\/www.skiguide-arlberg.at\/en\/wp-json\/wp\/v2\/media?parent=1640"}],"curies":[{"name":"wp","href":"https:\/\/api.w.org\/{rel}","templated":true}]}}