{"id":1658,"date":"2022-10-15T11:56:14","date_gmt":"2022-10-15T09:56:14","guid":{"rendered":"https:\/\/www.skiguide-arlberg.at\/?page_id=1658"},"modified":"2024-06-05T18:20:04","modified_gmt":"2024-06-05T16:20:04","slug":"schigong","status":"publish","type":"page","link":"https:\/\/www.skiguide-arlberg.at\/en\/schigong\/","title":{"rendered":"Schigong"},"content":{"rendered":"<div data-elementor-type=\"wp-page\" data-elementor-id=\"1658\" class=\"elementor elementor-1658\" data-elementor-post-type=\"page\">\n\t\t\t\t\t\t<section class=\"elementor-section elementor-top-section elementor-element elementor-element-624ff302 elementor-section-full_width elementor-section-height-min-height elementor-section-content-middle elementor-section-height-default elementor-section-items-middle\" data-id=\"624ff302\" data-element_type=\"section\" data-settings=\"{&quot;background_background&quot;:&quot;classic&quot;}\">\n\t\t\t\t\t\t<div class=\"elementor-container elementor-column-gap-no\">\n\t\t\t\t\t<div class=\"elementor-column elementor-col-100 elementor-top-column elementor-element elementor-element-dba0812\" data-id=\"dba0812\" data-element_type=\"column\">\n\t\t\t<div class=\"elementor-widget-wrap\">\n\t\t\t\t\t\t\t<\/div>\n\t\t<\/div>\n\t\t\t\t\t<\/div>\n\t\t<\/section>\n\t\t\t\t<section class=\"elementor-section elementor-top-section elementor-element elementor-element-3f009d97 elementor-section-full_width elementor-section-height-min-height elementor-section-items-stretch elementor-section-content-middle elementor-reverse-tablet elementor-reverse-mobile elementor-section-height-default\" data-id=\"3f009d97\" data-element_type=\"section\" data-settings=\"{&quot;background_background&quot;:&quot;gradient&quot;}\">\n\t\t\t\t\t\t<div class=\"elementor-container elementor-column-gap-no\">\n\t\t\t\t\t<div class=\"elementor-column elementor-col-50 elementor-top-column elementor-element elementor-element-35e93961\" data-id=\"35e93961\" data-element_type=\"column\">\n\t\t\t<div class=\"elementor-widget-wrap elementor-element-populated\">\n\t\t\t\t\t\t<div class=\"elementor-element elementor-element-26e17a8d elementor-invisible elementor-widget elementor-widget-image\" data-id=\"26e17a8d\" data-element_type=\"widget\" data-settings=\"{&quot;motion_fx_motion_fx_scrolling&quot;:&quot;yes&quot;,&quot;motion_fx_translateY_effect&quot;:&quot;yes&quot;,&quot;motion_fx_translateY_direction&quot;:&quot;negative&quot;,&quot;motion_fx_translateY_speed&quot;:{&quot;unit&quot;:&quot;px&quot;,&quot;size&quot;:1.5,&quot;sizes&quot;:[]},&quot;_animation&quot;:&quot;slideInLeft&quot;,&quot;motion_fx_translateY_affectedRange&quot;:{&quot;unit&quot;:&quot;%&quot;,&quot;size&quot;:&quot;&quot;,&quot;sizes&quot;:{&quot;start&quot;:0,&quot;end&quot;:100}},&quot;motion_fx_devices&quot;:[&quot;desktop&quot;,&quot;tablet&quot;,&quot;mobile&quot;]}\" data-widget_type=\"image.default\">\n\t\t\t\t<div class=\"elementor-widget-container\">\n\t\t\t\t\t\t\t\t\t\t\t\t\t\t\t<img fetchpriority=\"high\" decoding=\"async\" width=\"1022\" height=\"677\" src=\"https:\/\/www.skiguide-arlberg.at\/wp-content\/uploads\/2022\/11\/Bildschirmfoto-2022-11-16-um-12.53.12.jpg\" class=\"attachment-large size-large wp-image-5264\" alt=\"Skiguide Arlberg \u2013 Tom Vau schigong.com\" srcset=\"https:\/\/www.skiguide-arlberg.at\/wp-content\/uploads\/2022\/11\/Bildschirmfoto-2022-11-16-um-12.53.12.jpg 1022w, https:\/\/www.skiguide-arlberg.at\/wp-content\/uploads\/2022\/11\/Bildschirmfoto-2022-11-16-um-12.53.12-300x199.jpg 300w, https:\/\/www.skiguide-arlberg.at\/wp-content\/uploads\/2022\/11\/Bildschirmfoto-2022-11-16-um-12.53.12-768x509.jpg 768w, https:\/\/www.skiguide-arlberg.at\/wp-content\/uploads\/2022\/11\/Bildschirmfoto-2022-11-16-um-12.53.12-18x12.jpg 18w\" sizes=\"(max-width: 1022px) 100vw, 1022px\" \/>\t\t\t\t\t\t\t\t\t\t\t\t\t\t\t<\/div>\n\t\t\t\t<\/div>\n\t\t\t\t\t<\/div>\n\t\t<\/div>\n\t\t\t\t<div class=\"elementor-column elementor-col-50 elementor-top-column elementor-element elementor-element-5a382130\" data-id=\"5a382130\" data-element_type=\"column\">\n\t\t\t<div class=\"elementor-widget-wrap elementor-element-populated\">\n\t\t\t\t\t\t<div class=\"elementor-element elementor-element-62005555 animated-slow elementor-invisible elementor-widget elementor-widget-heading\" data-id=\"62005555\" data-element_type=\"widget\" data-settings=\"{&quot;_animation&quot;:&quot;fadeIn&quot;}\" data-widget_type=\"heading.default\">\n\t\t\t\t<div class=\"elementor-widget-container\">\n\t\t\t\t\t<h1 class=\"elementor-heading-title elementor-size-default\">SCHIGONG -<br>Skiing in harmony...<\/h1>\t\t\t\t<\/div>\n\t\t\t\t<\/div>\n\t\t\t\t<div class=\"elementor-element elementor-element-54773379 elementor-invisible elementor-widget elementor-widget-text-editor\" data-id=\"54773379\" data-element_type=\"widget\" data-settings=\"{&quot;_animation&quot;:&quot;fadeIn&quot;,&quot;_animation_delay&quot;:200}\" data-widget_type=\"text-editor.default\">\n\t\t\t\t<div class=\"elementor-widget-container\">\n\t\t\t\t\t\t\t\t\t<p>Schigong is a ski philosophy that I invented and developed in 2010. For more information about Schigong, please click on the link below.<\/p>\t\t\t\t\t\t\t\t<\/div>\n\t\t\t\t<\/div>\n\t\t\t\t<div class=\"elementor-element elementor-element-25d831b7 elementor-mobile-align-justify animated-fast elementor-invisible elementor-widget elementor-widget-button\" data-id=\"25d831b7\" data-element_type=\"widget\" data-settings=\"{&quot;_animation&quot;:&quot;fadeIn&quot;,&quot;_animation_delay&quot;:400}\" data-widget_type=\"button.default\">\n\t\t\t\t<div class=\"elementor-widget-container\">\n\t\t\t\t\t\t\t\t\t<div class=\"elementor-button-wrapper\">\n\t\t\t\t\t<a class=\"elementor-button elementor-button-link elementor-size-sm elementor-animation-float\" href=\"http:\/\/www.schigong.com\" id=\"www.schigong.com\">\n\t\t\t\t\t\t<span class=\"elementor-button-content-wrapper\">\n\t\t\t\t\t\t\t\t\t<span class=\"elementor-button-text\">Ski Schigong!<\/span>\n\t\t\t\t\t<\/span>\n\t\t\t\t\t<\/a>\n\t\t\t\t<\/div>\n\t\t\t\t\t\t\t\t<\/div>\n\t\t\t\t<\/div>\n\t\t\t\t\t<\/div>\n\t\t<\/div>\n\t\t\t\t\t<\/div>\n\t\t<\/section>\n\t\t\t\t<section class=\"elementor-section elementor-top-section elementor-element elementor-element-6af5f3de elementor-section-boxed elementor-section-height-default elementor-section-height-default\" data-id=\"6af5f3de\" data-element_type=\"section\">\n\t\t\t\t\t\t<div class=\"elementor-container elementor-column-gap-no\">\n\t\t\t\t\t<div class=\"elementor-column elementor-col-100 elementor-top-column elementor-element elementor-element-726ae58\" data-id=\"726ae58\" data-element_type=\"column\">\n\t\t\t<div class=\"elementor-widget-wrap elementor-element-populated\">\n\t\t\t\t\t\t<div class=\"elementor-element elementor-element-57f5e3af animated-slow elementor-invisible elementor-widget elementor-widget-heading\" data-id=\"57f5e3af\" data-element_type=\"widget\" data-settings=\"{&quot;_animation&quot;:&quot;fadeIn&quot;}\" data-widget_type=\"heading.default\">\n\t\t\t\t<div class=\"elementor-widget-container\">\n\t\t\t\t\t<h2 class=\"elementor-heading-title elementor-size-default\"><span style=\"font-size: 42px;font-style: normal;font-weight: 500\">~<\/span> Schigong is for skiing what organic is for food ~<\/h2>\t\t\t\t<\/div>\n\t\t\t\t<\/div>\n\t\t\t\t\t<\/div>\n\t\t<\/div>\n\t\t\t\t\t<\/div>\n\t\t<\/section>\n\t\t\t\t<section class=\"elementor-section elementor-top-section elementor-element elementor-element-c050260 elementor-section-full_width elementor-section-height-min-height elementor-section-items-stretch elementor-section-content-middle elementor-section-height-default\" data-id=\"c050260\" data-element_type=\"section\" data-settings=\"{&quot;background_background&quot;:&quot;gradient&quot;}\">\n\t\t\t\t\t\t<div class=\"elementor-container elementor-column-gap-no\">\n\t\t\t\t\t<div class=\"elementor-column elementor-col-100 elementor-top-column elementor-element elementor-element-637343cf\" data-id=\"637343cf\" data-element_type=\"column\">\n\t\t\t<div class=\"elementor-widget-wrap elementor-element-populated\">\n\t\t\t\t\t\t<div class=\"elementor-element elementor-element-54b60bb0 elementor-absolute elementor-invisible elementor-widget elementor-widget-image\" data-id=\"54b60bb0\" data-element_type=\"widget\" data-settings=\"{&quot;motion_fx_motion_fx_scrolling&quot;:&quot;yes&quot;,&quot;motion_fx_translateY_effect&quot;:&quot;yes&quot;,&quot;motion_fx_translateY_direction&quot;:&quot;negative&quot;,&quot;motion_fx_translateY_speed&quot;:{&quot;unit&quot;:&quot;px&quot;,&quot;size&quot;:1.5,&quot;sizes&quot;:[]},&quot;_animation&quot;:&quot;slideInRight&quot;,&quot;_position&quot;:&quot;absolute&quot;,&quot;motion_fx_translateY_affectedRange&quot;:{&quot;unit&quot;:&quot;%&quot;,&quot;size&quot;:&quot;&quot;,&quot;sizes&quot;:{&quot;start&quot;:0,&quot;end&quot;:100}},&quot;motion_fx_devices&quot;:[&quot;desktop&quot;,&quot;tablet&quot;,&quot;mobile&quot;]}\" data-widget_type=\"image.default\">\n\t\t\t\t<div class=\"elementor-widget-container\">\n\t\t\t\t\t\t\t\t\t\t\t\t\t\t\t<img decoding=\"async\" width=\"1019\" height=\"674\" src=\"https:\/\/www.skiguide-arlberg.at\/wp-content\/uploads\/2022\/11\/Bildschirmfoto-2022-11-16-um-12.55.08.jpg\" class=\"attachment-large size-large wp-image-5269\" alt=\"Skiguide Arlberg \u2013 Tom Vau schigong.com\" srcset=\"https:\/\/www.skiguide-arlberg.at\/wp-content\/uploads\/2022\/11\/Bildschirmfoto-2022-11-16-um-12.55.08.jpg 1019w, https:\/\/www.skiguide-arlberg.at\/wp-content\/uploads\/2022\/11\/Bildschirmfoto-2022-11-16-um-12.55.08-300x198.jpg 300w, https:\/\/www.skiguide-arlberg.at\/wp-content\/uploads\/2022\/11\/Bildschirmfoto-2022-11-16-um-12.55.08-768x508.jpg 768w, https:\/\/www.skiguide-arlberg.at\/wp-content\/uploads\/2022\/11\/Bildschirmfoto-2022-11-16-um-12.55.08-18x12.jpg 18w\" sizes=\"(max-width: 1019px) 100vw, 1019px\" \/>\t\t\t\t\t\t\t\t\t\t\t\t\t\t\t<\/div>\n\t\t\t\t<\/div>\n\t\t\t\t<section class=\"elementor-section elementor-inner-section elementor-element elementor-element-33826231 elementor-section-boxed elementor-section-height-default elementor-section-height-default\" data-id=\"33826231\" data-element_type=\"section\">\n\t\t\t\t\t\t<div class=\"elementor-container elementor-column-gap-no\">\n\t\t\t\t\t<div class=\"elementor-column elementor-col-100 elementor-inner-column elementor-element elementor-element-316cba4\" data-id=\"316cba4\" data-element_type=\"column\">\n\t\t\t<div class=\"elementor-widget-wrap elementor-element-populated\">\n\t\t\t\t\t\t<div class=\"elementor-element elementor-element-50498c31 animated-slow elementor-invisible elementor-widget elementor-widget-heading\" data-id=\"50498c31\" data-element_type=\"widget\" data-settings=\"{&quot;_animation&quot;:&quot;fadeIn&quot;}\" data-widget_type=\"heading.default\">\n\t\t\t\t<div class=\"elementor-widget-container\">\n\t\t\t\t\t<h2 class=\"elementor-heading-title elementor-size-default\">\"Striving for more harmony in winter sports, especially skiing, is the primary goal of Schigong. \"<br>(Tom Vau)<\/h2>\t\t\t\t<\/div>\n\t\t\t\t<\/div>\n\t\t\t\t\t<\/div>\n\t\t<\/div>\n\t\t\t\t\t<\/div>\n\t\t<\/section>\n\t\t\t\t\t<\/div>\n\t\t<\/div>\n\t\t\t\t\t<\/div>\n\t\t<\/section>\n\t\t\t\t<section class=\"elementor-section elementor-top-section elementor-element elementor-element-54ec945 elementor-section-boxed elementor-section-height-default elementor-section-height-default\" data-id=\"54ec945\" data-element_type=\"section\">\n\t\t\t\t\t\t<div class=\"elementor-container elementor-column-gap-default\">\n\t\t\t\t\t<div class=\"elementor-column elementor-col-100 elementor-top-column elementor-element elementor-element-5fee45c\" data-id=\"5fee45c\" data-element_type=\"column\">\n\t\t\t<div class=\"elementor-widget-wrap elementor-element-populated\">\n\t\t\t\t\t\t<div class=\"elementor-element elementor-element-1e7d869 elementor-widget elementor-widget-spacer\" data-id=\"1e7d869\" data-element_type=\"widget\" data-widget_type=\"spacer.default\">\n\t\t\t\t<div class=\"elementor-widget-container\">\n\t\t\t\t\t\t\t<div class=\"elementor-spacer\">\n\t\t\t<div class=\"elementor-spacer-inner\"><\/div>\n\t\t<\/div>\n\t\t\t\t\t\t<\/div>\n\t\t\t\t<\/div>\n\t\t\t\t\t<\/div>\n\t\t<\/div>\n\t\t\t\t\t<\/div>\n\t\t<\/section>\n\t\t\t\t<section class=\"elementor-section elementor-top-section elementor-element elementor-element-a3d787d elementor-section-boxed elementor-section-height-default elementor-section-height-default\" data-id=\"a3d787d\" data-element_type=\"section\">\n\t\t\t\t\t\t<div class=\"elementor-container elementor-column-gap-default\">\n\t\t\t\t\t<div class=\"elementor-column elementor-col-100 elementor-top-column elementor-element elementor-element-cc89b19\" data-id=\"cc89b19\" data-element_type=\"column\">\n\t\t\t<div class=\"elementor-widget-wrap elementor-element-populated\">\n\t\t\t\t\t\t<div class=\"elementor-element elementor-element-11b5bef elementor-widget elementor-widget-heading\" data-id=\"11b5bef\" data-element_type=\"widget\" data-widget_type=\"heading.default\">\n\t\t\t\t<div class=\"elementor-widget-container\">\n\t\t\t\t\t<p class=\"elementor-heading-title elementor-size-default\"><a href=\"http:\/\/www.skiguide-arlberg.at\/en\/guiding\/\">&lt; BACK<\/a><\/p>\t\t\t\t<\/div>\n\t\t\t\t<\/div>\n\t\t\t\t\t<\/div>\n\t\t<\/div>\n\t\t\t\t\t<\/div>\n\t\t<\/section>\n\t\t\t\t<section class=\"elementor-section elementor-top-section elementor-element elementor-element-7f2834e elementor-section-boxed elementor-section-height-default elementor-section-height-default\" data-id=\"7f2834e\" data-element_type=\"section\">\n\t\t\t\t\t\t<div class=\"elementor-container elementor-column-gap-default\">\n\t\t\t\t\t<div class=\"elementor-column elementor-col-100 elementor-top-column elementor-element elementor-element-d74a2d5\" data-id=\"d74a2d5\" data-element_type=\"column\">\n\t\t\t<div class=\"elementor-widget-wrap elementor-element-populated\">\n\t\t\t\t\t\t<div class=\"elementor-element elementor-element-c633190 elementor-widget elementor-widget-spacer\" data-id=\"c633190\" data-element_type=\"widget\" data-widget_type=\"spacer.default\">\n\t\t\t\t<div class=\"elementor-widget-container\">\n\t\t\t\t\t\t\t<div class=\"elementor-spacer\">\n\t\t\t<div class=\"elementor-spacer-inner\"><\/div>\n\t\t<\/div>\n\t\t\t\t\t\t<\/div>\n\t\t\t\t<\/div>\n\t\t\t\t\t<\/div>\n\t\t<\/div>\n\t\t\t\t\t<\/div>\n\t\t<\/section>\n\t\t\t\t<\/div>","protected":false},"excerpt":{"rendered":"<p>SCHIGONG &#8211;Skiing in harmony&#8230; Schigong ist eine Skiphilosophie die ich 2010 erfunden und entwickelt habe. F\u00fcr mehr Ausf\u00fchrungen \u00fcber Schigong, klicken Sie bitte den unteren Link um mehr Informationen dar\u00fcber zu erfahren. Ski Schigong! ~ Schigong is for skiing what organic is for food ~ &#8220; Mehr Harmonie beim Aus\u00fcben von Wintersportarten, vor allem beim [&hellip;]<\/p>","protected":false},"author":2,"featured_media":0,"parent":0,"menu_order":0,"comment_status":"closed","ping_status":"closed","template":"","meta":{"site-sidebar-layout":"no-sidebar","site-content-layout":"page-builder","ast-site-content-layout":"","site-content-style":"default","site-sidebar-style":"default","ast-global-header-display":"","ast-banner-title-visibility":"","ast-main-header-display":"","ast-hfb-above-header-display":"","ast-hfb-below-header-display":"","ast-hfb-mobile-header-display":"","site-post-title":"disabled","ast-breadcrumbs-content":"","ast-featured-img":"disabled","footer-sml-layout":"","theme-transparent-header-meta":"","adv-header-id-meta":"","stick-header-meta":"","header-above-stick-meta":"","header-main-stick-meta":"","header-below-stick-meta":"","astra-migrate-meta-layouts":"default","ast-page-background-enabled":"default","ast-page-background-meta":{"desktop":{"background-color":"","background-image":"","background-repeat":"repeat","background-position":"center center","background-size":"auto","background-attachment":"scroll","background-type":"","background-media":"","overlay-type":"","overlay-color":"","overlay-opacity":"","overlay-gradient":""},"tablet":{"background-color":"","background-image":"","background-repeat":"repeat","background-position":"center center","background-size":"auto","background-attachment":"scroll","background-type":"","background-media":"","overlay-type":"","overlay-color":"","overlay-opacity":"","overlay-gradient":""},"mobile":{"background-color":"","background-image":"","background-repeat":"repeat","background-position":"center center","background-size":"auto","background-attachment":"scroll","background-type":"","background-media":"","overlay-type":"","overlay-color":"","overlay-opacity":"","overlay-gradient":""}},"ast-content-background-meta":{"desktop":{"background-color":"var(--ast-global-color-5)","background-image":"","background-repeat":"repeat","background-position":"center center","background-size":"auto","background-attachment":"scroll","background-type":"","background-media":"","overlay-type":"","overlay-color":"","overlay-opacity":"","overlay-gradient":""},"tablet":{"background-color":"var(--ast-global-color-5)","background-image":"","background-repeat":"repeat","background-position":"center center","background-size":"auto","background-attachment":"scroll","background-type":"","background-media":"","overlay-type":"","overlay-color":"","overlay-opacity":"","overlay-gradient":""},"mobile":{"background-color":"var(--ast-global-color-5)","background-image":"","background-repeat":"repeat","background-position":"center center","background-size":"auto","background-attachment":"scroll","background-type":"","background-media":"","overlay-type":"","overlay-color":"","overlay-opacity":"","overlay-gradient":""}},"footnotes":""},"class_list":["post-1658","page","type-page","status-publish","hentry"],"yoast_head":"<!-- This site is optimized with the Yoast SEO plugin v23.9 - https:\/\/yoast.com\/wordpress\/plugins\/seo\/ -->\n<title>SCHIGONG - Skiing in harmony<\/title>\n<meta name=\"description\" content=\"Mehr Harmonie beim Aus\u00fcben von Wintersportarten, vor allem beim Skifahren ist das prim\u00e4re Ziel von Schigong\" \/>\n<meta name=\"robots\" content=\"index, follow, max-snippet:-1, max-image-preview:large, max-video-preview:-1\" \/>\n<link rel=\"canonical\" href=\"https:\/\/www.skiguide-arlberg.at\/en\/schigong\/\" \/>\n<meta property=\"og:locale\" content=\"en_GB\" \/>\n<meta property=\"og:type\" content=\"article\" \/>\n<meta property=\"og:title\" content=\"SCHIGONG - Skiing in harmony\" \/>\n<meta property=\"og:description\" content=\"Mehr Harmonie beim Aus\u00fcben von Wintersportarten, vor allem beim Skifahren ist das prim\u00e4re Ziel von Schigong\" \/>\n<meta property=\"og:url\" content=\"https:\/\/www.skiguide-arlberg.at\/en\/schigong\/\" \/>\n<meta property=\"og:site_name\" content=\"skiguide-arlberg\" \/>\n<meta property=\"article:publisher\" content=\"https:\/\/www.facebook.com\/skiguidearlberg\" \/>\n<meta property=\"article:modified_time\" content=\"2024-06-05T16:20:04+00:00\" \/>\n<meta property=\"og:image\" content=\"https:\/\/www.skiguide-arlberg.at\/wp-content\/uploads\/2022\/11\/Bildschirmfoto-2022-11-16-um-12.53.12.jpg\" \/>\n<meta name=\"twitter:card\" content=\"summary_large_image\" \/>\n<meta name=\"twitter:label1\" content=\"Estimated reading time\" \/>\n\t<meta name=\"twitter:data1\" content=\"1 minute\" \/>\n<script type=\"application\/ld+json\" class=\"yoast-schema-graph\">{\"@context\":\"https:\/\/schema.org\",\"@graph\":[{\"@type\":\"WebPage\",\"@id\":\"https:\/\/www.skiguide-arlberg.at\/schigong\/\",\"url\":\"https:\/\/www.skiguide-arlberg.at\/schigong\/\",\"name\":\"SCHIGONG - Skiing in harmony\",\"isPartOf\":{\"@id\":\"https:\/\/www.skiguide-arlberg.at\/#website\"},\"primaryImageOfPage\":{\"@id\":\"https:\/\/www.skiguide-arlberg.at\/schigong\/#primaryimage\"},\"image\":{\"@id\":\"https:\/\/www.skiguide-arlberg.at\/schigong\/#primaryimage\"},\"thumbnailUrl\":\"https:\/\/www.skiguide-arlberg.at\/wp-content\/uploads\/2022\/11\/Bildschirmfoto-2022-11-16-um-12.53.12.jpg\",\"datePublished\":\"2022-10-15T09:56:14+00:00\",\"dateModified\":\"2024-06-05T16:20:04+00:00\",\"description\":\"Mehr Harmonie beim Aus\u00fcben von Wintersportarten, vor allem beim Skifahren ist das prim\u00e4re Ziel von Schigong\",\"breadcrumb\":{\"@id\":\"https:\/\/www.skiguide-arlberg.at\/schigong\/#breadcrumb\"},\"inLanguage\":\"en-GB\",\"potentialAction\":[{\"@type\":\"ReadAction\",\"target\":[\"https:\/\/www.skiguide-arlberg.at\/schigong\/\"]}]},{\"@type\":\"ImageObject\",\"inLanguage\":\"en-GB\",\"@id\":\"https:\/\/www.skiguide-arlberg.at\/schigong\/#primaryimage\",\"url\":\"https:\/\/www.skiguide-arlberg.at\/wp-content\/uploads\/2022\/11\/Bildschirmfoto-2022-11-16-um-12.53.12.jpg\",\"contentUrl\":\"https:\/\/www.skiguide-arlberg.at\/wp-content\/uploads\/2022\/11\/Bildschirmfoto-2022-11-16-um-12.53.12.jpg\"},{\"@type\":\"BreadcrumbList\",\"@id\":\"https:\/\/www.skiguide-arlberg.at\/schigong\/#breadcrumb\",\"itemListElement\":[{\"@type\":\"ListItem\",\"position\":1,\"name\":\"Startseite\",\"item\":\"https:\/\/www.skiguide-arlberg.at\/\"},{\"@type\":\"ListItem\",\"position\":2,\"name\":\"Schigong\"}]},{\"@type\":\"WebSite\",\"@id\":\"https:\/\/www.skiguide-arlberg.at\/#website\",\"url\":\"https:\/\/www.skiguide-arlberg.at\/\",\"name\":\"skiguide-arlberg\",\"description\":\"Lech - Z\u00fcrs - St. Anton\",\"publisher\":{\"@id\":\"https:\/\/www.skiguide-arlberg.at\/#organization\"},\"potentialAction\":[{\"@type\":\"SearchAction\",\"target\":{\"@type\":\"EntryPoint\",\"urlTemplate\":\"https:\/\/www.skiguide-arlberg.at\/?s={search_term_string}\"},\"query-input\":{\"@type\":\"PropertyValueSpecification\",\"valueRequired\":true,\"valueName\":\"search_term_string\"}}],\"inLanguage\":\"en-GB\"},{\"@type\":\"Organization\",\"@id\":\"https:\/\/www.skiguide-arlberg.at\/#organization\",\"name\":\"skiguide-arlberg lech\",\"url\":\"https:\/\/www.skiguide-arlberg.at\/\",\"logo\":{\"@type\":\"ImageObject\",\"inLanguage\":\"en-GB\",\"@id\":\"https:\/\/www.skiguide-arlberg.at\/#\/schema\/logo\/image\/\",\"url\":\"https:\/\/www.skiguide-arlberg.at\/wp-content\/uploads\/2023\/04\/cropped-Logo_GUIDING-am-Arlberg_03.jpg\",\"contentUrl\":\"https:\/\/www.skiguide-arlberg.at\/wp-content\/uploads\/2023\/04\/cropped-Logo_GUIDING-am-Arlberg_03.jpg\",\"width\":1062,\"height\":221,\"caption\":\"skiguide-arlberg lech\"},\"image\":{\"@id\":\"https:\/\/www.skiguide-arlberg.at\/#\/schema\/logo\/image\/\"},\"sameAs\":[\"https:\/\/www.facebook.com\/skiguidearlberg\"]}]}<\/script>\n<!-- \/ Yoast SEO plugin. -->","yoast_head_json":{"title":"SCHIGONG - Skiing in harmony","description":"Mehr Harmonie beim Aus\u00fcben von Wintersportarten, vor allem beim Skifahren ist das prim\u00e4re Ziel von Schigong","robots":{"index":"index","follow":"follow","max-snippet":"max-snippet:-1","max-image-preview":"max-image-preview:large","max-video-preview":"max-video-preview:-1"},"canonical":"https:\/\/www.skiguide-arlberg.at\/en\/schigong\/","og_locale":"en_GB","og_type":"article","og_title":"SCHIGONG - Skiing in harmony","og_description":"Mehr Harmonie beim Aus\u00fcben von Wintersportarten, vor allem beim Skifahren ist das prim\u00e4re Ziel von Schigong","og_url":"https:\/\/www.skiguide-arlberg.at\/en\/schigong\/","og_site_name":"skiguide-arlberg","article_publisher":"https:\/\/www.facebook.com\/skiguidearlberg","article_modified_time":"2024-06-05T16:20:04+00:00","og_image":[{"url":"https:\/\/www.skiguide-arlberg.at\/wp-content\/uploads\/2022\/11\/Bildschirmfoto-2022-11-16-um-12.53.12.jpg"}],"twitter_card":"summary_large_image","twitter_misc":{"Estimated reading time":"1 minute"},"schema":{"@context":"https:\/\/schema.org","@graph":[{"@type":"WebPage","@id":"https:\/\/www.skiguide-arlberg.at\/schigong\/","url":"https:\/\/www.skiguide-arlberg.at\/schigong\/","name":"SCHIGONG - Skiing in harmony","isPartOf":{"@id":"https:\/\/www.skiguide-arlberg.at\/#website"},"primaryImageOfPage":{"@id":"https:\/\/www.skiguide-arlberg.at\/schigong\/#primaryimage"},"image":{"@id":"https:\/\/www.skiguide-arlberg.at\/schigong\/#primaryimage"},"thumbnailUrl":"https:\/\/www.skiguide-arlberg.at\/wp-content\/uploads\/2022\/11\/Bildschirmfoto-2022-11-16-um-12.53.12.jpg","datePublished":"2022-10-15T09:56:14+00:00","dateModified":"2024-06-05T16:20:04+00:00","description":"Mehr Harmonie beim Aus\u00fcben von Wintersportarten, vor allem beim Skifahren ist das prim\u00e4re Ziel von Schigong","breadcrumb":{"@id":"https:\/\/www.skiguide-arlberg.at\/schigong\/#breadcrumb"},"inLanguage":"en-GB","potentialAction":[{"@type":"ReadAction","target":["https:\/\/www.skiguide-arlberg.at\/schigong\/"]}]},{"@type":"ImageObject","inLanguage":"en-GB","@id":"https:\/\/www.skiguide-arlberg.at\/schigong\/#primaryimage","url":"https:\/\/www.skiguide-arlberg.at\/wp-content\/uploads\/2022\/11\/Bildschirmfoto-2022-11-16-um-12.53.12.jpg","contentUrl":"https:\/\/www.skiguide-arlberg.at\/wp-content\/uploads\/2022\/11\/Bildschirmfoto-2022-11-16-um-12.53.12.jpg"},{"@type":"BreadcrumbList","@id":"https:\/\/www.skiguide-arlberg.at\/schigong\/#breadcrumb","itemListElement":[{"@type":"ListItem","position":1,"name":"Startseite","item":"https:\/\/www.skiguide-arlberg.at\/"},{"@type":"ListItem","position":2,"name":"Schigong"}]},{"@type":"WebSite","@id":"https:\/\/www.skiguide-arlberg.at\/#website","url":"https:\/\/www.skiguide-arlberg.at\/","name":"skiguide-arlberg","description":"Lech - Z\u00fcrs - St. Anton","publisher":{"@id":"https:\/\/www.skiguide-arlberg.at\/#organization"},"potentialAction":[{"@type":"SearchAction","target":{"@type":"EntryPoint","urlTemplate":"https:\/\/www.skiguide-arlberg.at\/?s={search_term_string}"},"query-input":{"@type":"PropertyValueSpecification","valueRequired":true,"valueName":"search_term_string"}}],"inLanguage":"en-GB"},{"@type":"Organization","@id":"https:\/\/www.skiguide-arlberg.at\/#organization","name":"skiguide-arlberg lech","url":"https:\/\/www.skiguide-arlberg.at\/","logo":{"@type":"ImageObject","inLanguage":"en-GB","@id":"https:\/\/www.skiguide-arlberg.at\/#\/schema\/logo\/image\/","url":"https:\/\/www.skiguide-arlberg.at\/wp-content\/uploads\/2023\/04\/cropped-Logo_GUIDING-am-Arlberg_03.jpg","contentUrl":"https:\/\/www.skiguide-arlberg.at\/wp-content\/uploads\/2023\/04\/cropped-Logo_GUIDING-am-Arlberg_03.jpg","width":1062,"height":221,"caption":"skiguide-arlberg lech"},"image":{"@id":"https:\/\/www.skiguide-arlberg.at\/#\/schema\/logo\/image\/"},"sameAs":["https:\/\/www.facebook.com\/skiguidearlberg"]}]}},"_links":{"self":[{"href":"https:\/\/www.skiguide-arlberg.at\/en\/wp-json\/wp\/v2\/pages\/1658","targetHints":{"allow":["GET"]}}],"collection":[{"href":"https:\/\/www.skiguide-arlberg.at\/en\/wp-json\/wp\/v2\/pages"}],"about":[{"href":"https:\/\/www.skiguide-arlberg.at\/en\/wp-json\/wp\/v2\/types\/page"}],"author":[{"embeddable":true,"href":"https:\/\/www.skiguide-arlberg.at\/en\/wp-json\/wp\/v2\/users\/2"}],"replies":[{"embeddable":true,"href":"https:\/\/www.skiguide-arlberg.at\/en\/wp-json\/wp\/v2\/comments?post=1658"}],"version-history":[{"count":109,"href":"https:\/\/www.skiguide-arlberg.at\/en\/wp-json\/wp\/v2\/pages\/1658\/revisions"}],"predecessor-version":[{"id":8874,"href":"https:\/\/www.skiguide-arlberg.at\/en\/wp-json\/wp\/v2\/pages\/1658\/revisions\/8874"}],"wp:attachment":[{"href":"https:\/\/www.skiguide-arlberg.at\/en\/wp-json\/wp\/v2\/media?parent=1658"}],"curies":[{"name":"wp","href":"https:\/\/api.w.org\/{rel}","templated":true}]}}